{"id":14,"date":"2022-11-30T16:19:12","date_gmt":"2022-11-30T19:19:12","guid":{"rendered":"https:\/\/cunhafonseca.adv.br\/?page_id=14"},"modified":"2026-02-19T16:55:50","modified_gmt":"2026-02-19T19:55:50","slug":"home","status":"publish","type":"page","link":"https:\/\/cunhafonseca.adv.br\/","title":{"rendered":"Home"},"content":{"rendered":"<p>[et_pb_section fb_built=&#8221;1&#8243; fullwidth=&#8221;on&#8221; _builder_version=&#8221;4.19.1&#8243; _module_preset=&#8221;default&#8221; global_colors_info=&#8221;{}&#8221;][et_pb_fullwidth_code _builder_version=&#8221;4.19.1&#8243; _module_preset=&#8221;default&#8221; global_colors_info=&#8221;{}&#8221;]<div id=\"metaslider-id-32\" style=\"width: 100%;\" class=\"ml-slider-3-105-0 metaslider metaslider-flex metaslider-32 ml-slider has-dots-nav ms-theme-default\" role=\"region\" aria-label=\"New Slideshow\" data-height=\"900\" data-width=\"1920\">\n    <div id=\"metaslider_container_32\">\n        <div id=\"metaslider_32\">\n            <ul class='slides'>\n                <li style=\"display: block; width: 100%;\" class=\"slide-37 ms-image \" aria-roledescription=\"slide\" data-date=\"2022-11-30 17:22:39\" data-filename=\"BANNER-01.png\" data-slide-type=\"image\"><img decoding=\"async\" src=\"https:\/\/cunhafonseca.adv.br\/wp-content\/uploads\/2022\/11\/BANNER-01.png\" height=\"900\" width=\"1920\" alt=\"\" class=\"slider-32 slide-37 msDefaultImage\" title=\"BANNER 01\" \/><\/li>\n                <li style=\"display: none; width: 100%;\" class=\"slide-38 ms-image \" aria-roledescription=\"slide\" data-date=\"2022-11-30 17:22:39\" data-filename=\"BANNER-02.png\" data-slide-type=\"image\"><img decoding=\"async\" src=\"https:\/\/cunhafonseca.adv.br\/wp-content\/uploads\/2022\/11\/BANNER-02.png\" height=\"900\" width=\"1920\" alt=\"\" class=\"slider-32 slide-38 msDefaultImage\" title=\"BANNER 02\" \/><\/li>\n                <li style=\"display: none; width: 100%;\" class=\"slide-39 ms-image \" aria-roledescription=\"slide\" data-date=\"2022-11-30 17:22:40\" data-filename=\"BANNER-03.png\" data-slide-type=\"image\"><img decoding=\"async\" src=\"https:\/\/cunhafonseca.adv.br\/wp-content\/uploads\/2022\/11\/BANNER-03.png\" height=\"900\" width=\"1920\" alt=\"\" class=\"slider-32 slide-39 msDefaultImage\" title=\"BANNER 03\" \/><\/li>\n            <\/ul>\n        <\/div>\n        \n    <\/div>\n<\/div>[\/et_pb_fullwidth_code][\/et_pb_section][et_pb_section fb_built=&#8221;1&#8243; module_id=&#8221;escritorio&#8221; _builder_version=&#8221;4.19.1&#8243; _module_preset=&#8221;default&#8221; global_colors_info=&#8221;{}&#8221;][et_pb_row _builder_version=&#8221;4.19.1&#8243; _module_preset=&#8221;default&#8221; global_colors_info=&#8221;{}&#8221;][et_pb_column type=&#8221;4_4&#8243; _builder_version=&#8221;4.19.1&#8243; _module_preset=&#8221;default&#8221; global_colors_info=&#8221;{}&#8221;][et_pb_text _builder_version=&#8221;4.19.1&#8243; _module_preset=&#8221;default&#8221; global_colors_info=&#8221;{}&#8221;]<\/p>\n<h1 style=\"text-align: justify;\"><strong>O escrit\u00f3rio<\/strong><\/h1>\n<p style=\"text-align: justify;\"><img decoding=\"async\" class=\"wp-image-22  alignleft\" src=\"https:\/\/cunhafonseca.adv.br\/wp-content\/uploads\/2022\/11\/esc-1024x681.jpg\" alt=\"\" width=\"419\" height=\"279\" \/><strong>Cunha &amp; Fonseca Advogados<\/strong> tem sua atua\u00e7\u00e3o voltada ao atendimento personalizado das demandas, inclusive de alta complexidade. \u00a0Para tanto, conta com um corpo t\u00e9cnico-jur\u00eddico qualificado, com experi\u00eancias diversas, pronto para atuar estrategicamente na obten\u00e7\u00e3o de solu\u00e7\u00f5es jur\u00eddicas seja na fase consultiva, seja na fase litigiosa.<\/p>\n<p style=\"text-align: justify;\">Sempre atento \u00e0 complexidade e \u00e0 dinamicidade que cercam os mais variados desafios jur\u00eddicos, o escrit\u00f3rio n\u00e3o hesita em buscar parceiros, das mais diversas especialidades, com quem costuma atuar com sinergia, em busca de alcan\u00e7ar o melhor resultado.<\/p>\n<p style=\"text-align: justify;\">Com escopo abrangente, atua nas mais diversas \u00e1reas de direito, em especial, regulat\u00f3rio, servi\u00e7os p\u00fablicos, tomadas de contas, a\u00e7\u00e3o de improbidade e a\u00e7\u00f5es civis p\u00fablicas. No \u00e2mbito do direito penal, o escrit\u00f3rio atua em a\u00e7\u00f5es que envolvem crimes econ\u00f4micos, financeiros, eleitorais, inclusive com prerrogativas de foro, sempre compatibilizando o cuidado no tratamento das informa\u00e7\u00f5es com prontid\u00e3o estrat\u00e9gica.<\/p>\n<p style=\"text-align: justify;\">Al\u00e9m de sua filial em S\u00e3o Paulo\/SP, tem sua matriz na cidade de Bras\u00edlia\/DF, fundamental para sua destacada atua\u00e7\u00e3o perante os Tribunais Superiores e o Tribunal de Contas da Uni\u00e3o.<\/p>\n<p>[\/et_pb_text][\/et_pb_column][\/et_pb_row][et_pb_row _builder_version=&#8221;4.19.1&#8243; _module_preset=&#8221;default&#8221; global_colors_info=&#8221;{}&#8221;][et_pb_column type=&#8221;4_4&#8243; _builder_version=&#8221;4.19.1&#8243; _module_preset=&#8221;default&#8221; global_colors_info=&#8221;{}&#8221;][et_pb_gallery gallery_ids=&#8221;25,75,27,28,138,139,140,141&#8243; posts_number=&#8221;8&#8243; show_title_and_caption=&#8221;off&#8221; _builder_version=&#8221;4.27.4&#8243; _module_preset=&#8221;default&#8221; hover_enabled=&#8221;0&#8243; global_colors_info=&#8221;{}&#8221; sticky_enabled=&#8221;0&#8243;][\/et_pb_gallery][\/et_pb_column][\/et_pb_row][\/et_pb_section][et_pb_section fb_built=&#8221;1&#8243; _builder_version=&#8221;4.19.1&#8243; _module_preset=&#8221;default&#8221; background_image=&#8221;https:\/\/cunhafonseca.adv.br\/wp-content\/uploads\/2022\/11\/Law-justice-statue-in-front-of-books.jpg-1024&#215;682-1.jpg&#8221; parallax=&#8221;on&#8221; custom_padding=&#8221;||347px|||&#8221; global_colors_info=&#8221;{}&#8221;][\/et_pb_section][et_pb_section fb_built=&#8221;1&#8243; module_id=&#8221;atuacao&#8221; _builder_version=&#8221;4.19.1&#8243; _module_preset=&#8221;default&#8221; background_enable_image=&#8221;off&#8221; global_colors_info=&#8221;{}&#8221;][et_pb_row _builder_version=&#8221;4.19.1&#8243; _module_preset=&#8221;default&#8221; global_colors_info=&#8221;{}&#8221;][et_pb_column type=&#8221;4_4&#8243; _builder_version=&#8221;4.19.1&#8243; _module_preset=&#8221;default&#8221; global_colors_info=&#8221;{}&#8221;][et_pb_text _builder_version=&#8221;4.19.1&#8243; _module_preset=&#8221;default&#8221; global_colors_info=&#8221;{}&#8221;]<\/p>\n<h1 style=\"text-align: left;\"><strong>Atua\u00e7\u00e3o<\/strong><\/h1>\n<p>&nbsp;<\/p>\n<p>&nbsp;<\/p>\n<h3 style=\"text-align: left;\"><img decoding=\"async\" class=\"wp-image-28  alignleft\" src=\"https:\/\/cunhafonseca.adv.br\/wp-content\/uploads\/2022\/11\/DSC_1383-1024x681.jpg\" alt=\"\" width=\"565\" height=\"376\" \/><\/h3>\n<h3><strong>Administrativo<\/strong><\/h3>\n<h3><strong>C\u00edvel<\/strong><\/h3>\n<h3><strong>Constitucional<\/strong><\/h3>\n<h3><strong>Eleitoral<\/strong><\/h3>\n<h3><strong>Empresarial<\/strong><\/h3>\n<h3><strong>Tribut\u00e1rio<\/strong><\/h3>\n<h3><strong>Penal\u00a0<\/strong><\/h3>\n<p>[\/et_pb_text][\/et_pb_column][\/et_pb_row][\/et_pb_section][et_pb_section fb_built=&#8221;1&#8243; module_id=&#8221;publicacoes&#8221; _builder_version=&#8221;4.19.1&#8243; _module_preset=&#8221;default&#8221; global_colors_info=&#8221;{}&#8221;][et_pb_row _builder_version=&#8221;4.19.1&#8243; _module_preset=&#8221;default&#8221; global_colors_info=&#8221;{}&#8221;][et_pb_column type=&#8221;4_4&#8243; _builder_version=&#8221;4.19.1&#8243; _module_preset=&#8221;default&#8221; global_colors_info=&#8221;{}&#8221;][et_pb_text admin_label=&#8221;Texto&#8221; _builder_version=&#8221;4.19.1&#8243; _module_preset=&#8221;default&#8221; global_colors_info=&#8221;{}&#8221;]<\/p>\n<h1><strong>Publica\u00e7\u00f5es<\/strong><\/h1>\n<p>[\/et_pb_text][et_pb_text _builder_version=&#8221;4.27.4&#8243; _module_preset=&#8221;default&#8221; hover_enabled=&#8221;0&#8243; global_colors_info=&#8221;{}&#8221; sticky_enabled=&#8221;0&#8243;]<\/p>\n<p style=\"text-align: center;\"><a href=\"https:\/\/www.conjur.com.br\/2026-jan-07\/quando-a-lei-penal-nasce-da-ocasiao-por-que-o-pl-da-dosimetria-deve-ser-vetado\/\" target=\"_blank\" rel=\"noopener\"><b><i>&#8220;Quando a lei penal nasce da ocasi\u00e3o: por que o PL da Dosimetria deve ser vetado?&#8221;<\/i><\/b><\/a><\/p>\n<p style=\"text-align: center;\"><b><i><\/i><\/b><\/p>\n<p style=\"text-align: center;\"><a href=\"https:\/\/www.brasil247.com\/blog\/adeus-francisco-ficam-os-misterios#google_vignette\" target=\"_blank\" rel=\"noopener\"><b><i>&#8220;Adeus, Francisco. Ficam os mist\u00e9rios&#8221;<\/i><\/b><\/a><\/p>\n<p style=\"text-align: center;\"><b><i><\/i><\/b><\/p>\n<p style=\"text-align: center;\"><b><i><a href=\"https:\/\/www.poder360.com.br\/opiniao\/a-militancia-de-esquerda-e-lula-tem-2-desafios-a-frente\/\" target=\"_blank\" rel=\"noopener\">&#8220;A milit\u00e2ncia de esquerda e Lula t\u00eam 2 desafios \u00e0 frente&#8221;<\/a><\/i><\/b><\/p>\n<p style=\"text-align: center;\"><b><i><\/i><\/b><\/p>\n<p style=\"text-align: center;\"><a href=\"https:\/\/www.congressoemfoco.com.br\/artigo\/107729\/as-pesquisas-ainda-a-comunicacao-e-os-desafios-do-governo-lula?s=WA\" target=\"_blank\" rel=\"noopener\"><b><i>&#8220;As pesquisas, ainda a comunica\u00e7\u00e3o e os desafios do governo Lula&#8221;<\/i><\/b><\/a><\/p>\n<p style=\"text-align: center;\"><em><strong><\/strong><\/em><\/p>\n<p style=\"text-align: center;\"><em><strong><a href=\"https:\/\/www.conjur.com.br\/2025-abr-03\/o-novo-papel-fiscalizatorio-do-tcu-nos-fundos-de-pensao\/\" target=\"_blank\" rel=\"noopener\">&#8220;O novo papel fiscalizat\u00f3rio do TCU nos fundos de pens\u00e3o&#8221;<\/a><\/strong><\/em><\/p>\n<p style=\"text-align: center;\"><em><strong> <\/strong><\/em><\/p>\n<p style=\"text-align: center;\"><em><strong><a href=\"https:\/\/www1.folha.uol.com.br\/opiniao\/2024\/03\/pos-lava-jato-industria-da-construcao-pesada-tem-de-voltar-a-ativa.shtml\" target=\"_blank\" rel=\"noopener\">&#8220;P\u00f3s-Lava Jato, ind\u00fastria da constru\u00e7\u00e3o pesada tem de voltar \u00e0 ativa&#8221;<\/a><\/strong><\/em><\/p>\n<p style=\"text-align: center;\"><a href=\"https:\/\/www.conjur.com.br\/2021-nov-11\/joao-paulo-cunha-falencia-sistema-justica-pobres\" target=\"_blank\" rel=\"noopener\"><strong><em>&#8220;A fal\u00eancia do sistema de Justi\u00e7a, para os pobres&#8221;<\/em><\/strong><\/a><\/p>\n<p style=\"text-align: center;\"><a href=\"https:\/\/www.poder360.com.br\/opiniao\/nada-a-temer-com-a-eleicao-de-lula\/\" target=\"_blank\" rel=\"noopener\"><strong><em>&#8220;Nada a temer com elei\u00e7\u00e3o de Lula&#8221;<\/em><\/strong><\/a><\/p>\n<p style=\"text-align: center;\"><a href=\"https:\/\/www.poder360.com.br\/opiniao\/objetivos-do-pacote-de-moro-sao-pouco-iluminados-diz-joao-paulo-cunha\/\" target=\"_blank\" rel=\"noopener\"><strong><em>&#8220;Objetivos do pacote de Moro s\u00e3o pouco iluminados, diz Jo\u00e3o Paulo Cunha&#8221;<\/em><\/strong><\/a><\/p>\n<p style=\"text-align: center;\"><a href=\"http:\/\/conjur.com.br\/2017-dez-17\/opiniao-justica-nao-sinonimo-prisao-condenacao\" target=\"_blank\" rel=\"noopener\"><strong><em>&#8220;Justi\u00e7a n\u00e3o \u00e9 sin\u00f4nimo de pris\u00e3o e condena\u00e7\u00e3o, como vem sendo difundido&#8221;<\/em><\/strong><\/a><\/p>\n<p style=\"text-align: center;\"><a href=\"https:\/\/www.conjur.com.br\/2017-nov-24\/opiniao-lava-jato-transborda-previsibilidade-juridica\" target=\"_blank\" rel=\"noopener\"><strong><em>\u201cLava Jato\u201d transborda a previsibilidade jur\u00eddica e o fair trial&#8221;<\/em><\/strong><\/a><\/p>\n<p style=\"text-align: center;\"><a href=\"https:\/\/www.conjur.com.br\/2017-ago-18\/joao-paulo-cunha-stf-presuncao-inocencia-concreto\" target=\"_blank\" rel=\"noopener\"><strong><em>&#8220;O STF, a presun\u00e7\u00e3o de inoc\u00eancia e o caso concreto&#8221;<\/em><\/strong><\/a><\/p>\n<p>[\/et_pb_text][\/et_pb_column][\/et_pb_row][\/et_pb_section][et_pb_section fb_built=&#8221;1&#8243; module_id=&#8221;contato&#8221; _builder_version=&#8221;4.19.1&#8243; _module_preset=&#8221;default&#8221; background_color=&#8221;#f9f9f9&#8243; global_colors_info=&#8221;{}&#8221;][et_pb_row _builder_version=&#8221;4.19.1&#8243; _module_preset=&#8221;default&#8221; global_colors_info=&#8221;{}&#8221;][et_pb_column type=&#8221;4_4&#8243; _builder_version=&#8221;4.19.1&#8243; _module_preset=&#8221;default&#8221; global_colors_info=&#8221;{}&#8221;][et_pb_text _builder_version=&#8221;4.19.1&#8243; _module_preset=&#8221;default&#8221; global_colors_info=&#8221;{}&#8221;]<\/p>\n<h1><strong>Contato<\/strong><\/h1>\n<p>[\/et_pb_text][\/et_pb_column][\/et_pb_row][et_pb_row column_structure=&#8221;1_2,1_2&#8243; _builder_version=&#8221;4.19.1&#8243; _module_preset=&#8221;default&#8221; global_colors_info=&#8221;{}&#8221;][et_pb_column type=&#8221;1_2&#8243; _builder_version=&#8221;4.19.1&#8243; _module_preset=&#8221;default&#8221; global_colors_info=&#8221;{}&#8221;][et_pb_text _builder_version=&#8221;4.27.4&#8243; _module_preset=&#8221;default&#8221; hover_enabled=&#8221;0&#8243; global_colors_info=&#8221;{}&#8221; sticky_enabled=&#8221;0&#8243;]<\/p>\n<h3><strong>BRAS\u00cdLIA<\/strong><\/h3>\n<p>SMDB, Conj. 26, Lt. 08, Casa G I CEP 71680-260<\/p>\n<p>Bras\u00edlia \u2013 DF I Tel.\u00a0 <span>+55 (61) 99658-3806<\/span><\/p>\n<p>E-mail: <a href=\"mailto:administrativo@cunhafonseca.adv.br\">administrativo@cunhafonseca.adv.br<\/a><\/p>\n<p>[\/et_pb_text][\/et_pb_column][et_pb_column type=&#8221;1_2&#8243; _builder_version=&#8221;4.19.1&#8243; _module_preset=&#8221;default&#8221; global_colors_info=&#8221;{}&#8221;][et_pb_text _builder_version=&#8221;4.19.1&#8243; _module_preset=&#8221;default&#8221; global_colors_info=&#8221;{}&#8221;]<\/p>\n<h3><strong>S\u00c3O PAULO<\/strong><\/h3>\n<p>Avenida Brigadeiro Faria Lima, 2229, Conj. 42 I CEP 01452-906<\/p>\n<p>S\u00e3o Paulo \u2013 SP<\/p>\n<p>[\/et_pb_text][\/et_pb_column][\/et_pb_row][\/et_pb_section]<\/p>\n","protected":false},"excerpt":{"rendered":"<p><div id=\"metaslider-id-32\" style=\"width: 100%;\" class=\"ml-slider-3-105-0 metaslider metaslider-flex metaslider-32 ml-slider has-dots-nav ms-theme-default\" role=\"region\" aria-label=\"New Slideshow\" data-height=\"900\" data-width=\"1920\">\n    <div id=\"metaslider_container_32\">\n        <div id=\"metaslider_32\">\n            <ul class='slides'>\n                <li style=\"display: block; width: 100%;\" class=\"slide-37 ms-image \" aria-roledescription=\"slide\" data-date=\"2022-11-30 17:22:39\" data-filename=\"BANNER-01.png\" data-slide-type=\"image\"><img decoding=\"async\" src=\"https:\/\/cunhafonseca.adv.br\/wp-content\/uploads\/2022\/11\/BANNER-01.png\" height=\"900\" width=\"1920\" alt=\"\" class=\"slider-32 slide-37 msDefaultImage\" title=\"BANNER 01\" \/><\/li>\n                <li style=\"display: none; width: 100%;\" class=\"slide-38 ms-image \" aria-roledescription=\"slide\" data-date=\"2022-11-30 17:22:39\" data-filename=\"BANNER-02.png\" data-slide-type=\"image\"><img decoding=\"async\" src=\"https:\/\/cunhafonseca.adv.br\/wp-content\/uploads\/2022\/11\/BANNER-02.png\" height=\"900\" width=\"1920\" alt=\"\" class=\"slider-32 slide-38 msDefaultImage\" title=\"BANNER 02\" \/><\/li>\n                <li style=\"display: none; width: 100%;\" class=\"slide-39 ms-image \" aria-roledescription=\"slide\" data-date=\"2022-11-30 17:22:40\" data-filename=\"BANNER-03.png\" data-slide-type=\"image\"><img decoding=\"async\" src=\"https:\/\/cunhafonseca.adv.br\/wp-content\/uploads\/2022\/11\/BANNER-03.png\" height=\"900\" width=\"1920\" alt=\"\" class=\"slider-32 slide-39 msDefaultImage\" title=\"BANNER 03\" \/><\/li>\n            <\/ul>\n        <\/div>\n        \n    <\/div>\n<\/div>O escrit\u00f3rio Cunha &amp; Fonseca Advogados tem sua atua\u00e7\u00e3o voltada ao atendimento personalizado das demandas, inclusive de alta complexidade. \u00a0Para tanto, conta com um corpo t\u00e9cnico-jur\u00eddico qualificado, com experi\u00eancias diversas, pronto para atuar estrategicamente na obten\u00e7\u00e3o de solu\u00e7\u00f5es jur\u00eddicas seja na fase consultiva, seja na fase litigiosa. Sempre atento \u00e0 complexidade e \u00e0 dinamicidade [&hellip;]<\/p>\n","protected":false},"author":2,"featured_media":0,"parent":0,"menu_order":0,"comment_status":"closed","ping_status":"closed","template":"","meta":{"_et_pb_use_builder":"on","_et_pb_old_content":"","_et_gb_content_width":"","footnotes":""},"class_list":["post-14","page","type-page","status-publish","hentry"],"_links":{"self":[{"href":"https:\/\/cunhafonseca.adv.br\/wp-json\/wp\/v2\/pages\/14","targetHints":{"allow":["GET"]}}],"collection":[{"href":"https:\/\/cunhafonseca.adv.br\/wp-json\/wp\/v2\/pages"}],"about":[{"href":"https:\/\/cunhafonseca.adv.br\/wp-json\/wp\/v2\/types\/page"}],"author":[{"embeddable":true,"href":"https:\/\/cunhafonseca.adv.br\/wp-json\/wp\/v2\/users\/2"}],"replies":[{"embeddable":true,"href":"https:\/\/cunhafonseca.adv.br\/wp-json\/wp\/v2\/comments?post=14"}],"version-history":[{"count":24,"href":"https:\/\/cunhafonseca.adv.br\/wp-json\/wp\/v2\/pages\/14\/revisions"}],"predecessor-version":[{"id":142,"href":"https:\/\/cunhafonseca.adv.br\/wp-json\/wp\/v2\/pages\/14\/revisions\/142"}],"wp:attachment":[{"href":"https:\/\/cunhafonseca.adv.br\/wp-json\/wp\/v2\/media?parent=14"}],"curies":[{"name":"wp","href":"https:\/\/api.w.org\/{rel}","templated":true}]}}